{"id":11570,"date":"2026-04-28T15:04:58","date_gmt":"2026-04-28T15:04:58","guid":{"rendered":"https:\/\/www.epav.pt\/epav\/?page_id=11570"},"modified":"2026-04-28T15:19:54","modified_gmt":"2026-04-28T15:19:54","slug":"denuncias","status":"publish","type":"page","link":"https:\/\/www.epav.pt\/epav\/denuncias\/","title":{"rendered":"Den\u00fancias &#8211; Em Atualiza\u00e7\u00e3o"},"content":{"rendered":"\n<p>O Portal de Den\u00fancias da Cenintel\/EPAV, destina-se \u00e0 comunica\u00e7\u00e3o de pr\u00e1ticas que possam constituir infra\u00e7\u00f5es, designadamente no que concerne:<\/p>\n\n\n\n<ul class=\"wp-block-list\">\n<li>A pr\u00e1ticas de ass\u00e9dio (moral e\/ou sexual) e\/ou discrimina\u00e7\u00e3o;<\/li>\n\n\n\n<li>A infra\u00e7\u00f5es, atos de corrup\u00e7\u00e3o, ou outros no \u00e2mbito de aplica\u00e7\u00e3o do Regime Geral de Preven\u00e7\u00e3o da Corrup\u00e7\u00e3o (RGPC);<\/li>\n\n\n\n<li>A atos que violem o Direito da Uni\u00e3o Europeia e de Portugal;<\/li>\n<\/ul>\n\n\n\n<p>Aceda aqui ao Portal de Den\u00fancias.<\/p>\n","protected":false},"excerpt":{"rendered":"<p>O Portal de Den\u00fancias da Cenintel\/EPAV, destina-se \u00e0 comunica\u00e7\u00e3o de pr\u00e1ticas que possam constituir infra\u00e7\u00f5es, designadamente no que concerne: Aceda aqui ao Portal de Den\u00fancias.<\/p>\n","protected":false},"author":1,"featured_media":0,"parent":0,"menu_order":0,"comment_status":"closed","ping_status":"closed","template":"","meta":{"footnotes":""},"class_list":["post-11570","page","type-page","status-publish","hentry"],"acpt":null,"yoast_head":"<!-- This site is optimized with the Yoast SEO plugin v27.3 - https:\/\/yoast.com\/product\/yoast-seo-wordpress\/ -->\n<title>Den\u00fancias - Em Atualiza\u00e7\u00e3o - EPAV<\/title>\n<meta name=\"robots\" content=\"index, follow, max-snippet:-1, max-image-preview:large, max-video-preview:-1\" \/>\n<link rel=\"canonical\" href=\"https:\/\/www.epav.pt\/epav\/denuncias\/\" \/>\n<meta property=\"og:locale\" content=\"pt_PT\" \/>\n<meta property=\"og:type\" content=\"article\" \/>\n<meta property=\"og:title\" content=\"Den\u00fancias - Em Atualiza\u00e7\u00e3o - EPAV\" \/>\n<meta property=\"og:description\" content=\"O Portal de Den\u00fancias da Cenintel\/EPAV, destina-se \u00e0 comunica\u00e7\u00e3o de pr\u00e1ticas que possam constituir infra\u00e7\u00f5es, designadamente no que concerne: Aceda aqui ao Portal de Den\u00fancias.\" \/>\n<meta property=\"og:url\" content=\"https:\/\/www.epav.pt\/epav\/denuncias\/\" \/>\n<meta property=\"og:site_name\" content=\"EPAV\" \/>\n<meta property=\"article:modified_time\" content=\"2026-04-28T15:19:54+00:00\" \/>\n<meta property=\"og:image\" content=\"https:\/\/www.epav.pt\/epav\/wp-content\/uploads\/2025\/03\/FAVICON.png\" \/>\n\t<meta property=\"og:image:width\" content=\"512\" \/>\n\t<meta property=\"og:image:height\" content=\"512\" \/>\n\t<meta property=\"og:image:type\" content=\"image\/png\" \/>\n<meta name=\"twitter:card\" content=\"summary_large_image\" \/>\n<meta name=\"twitter:label1\" content=\"Tempo estimado de leitura\" \/>\n\t<meta name=\"twitter:data1\" content=\"1 minuto\" \/>\n<script type=\"application\/ld+json\" class=\"yoast-schema-graph\">{\"@context\":\"https:\\\/\\\/schema.org\",\"@graph\":[{\"@type\":\"WebPage\",\"@id\":\"https:\\\/\\\/www.epav.pt\\\/epav\\\/denuncias\\\/\",\"url\":\"https:\\\/\\\/www.epav.pt\\\/epav\\\/denuncias\\\/\",\"name\":\"Den\u00fancias - Em Atualiza\u00e7\u00e3o - EPAV\",\"isPartOf\":{\"@id\":\"https:\\\/\\\/www.epav.pt\\\/epav\\\/#website\"},\"datePublished\":\"2026-04-28T15:04:58+00:00\",\"dateModified\":\"2026-04-28T15:19:54+00:00\",\"breadcrumb\":{\"@id\":\"https:\\\/\\\/www.epav.pt\\\/epav\\\/denuncias\\\/#breadcrumb\"},\"inLanguage\":\"pt-PT\",\"potentialAction\":[{\"@type\":\"ReadAction\",\"target\":[\"https:\\\/\\\/www.epav.pt\\\/epav\\\/denuncias\\\/\"]}]},{\"@type\":\"BreadcrumbList\",\"@id\":\"https:\\\/\\\/www.epav.pt\\\/epav\\\/denuncias\\\/#breadcrumb\",\"itemListElement\":[{\"@type\":\"ListItem\",\"position\":1,\"name\":\"In\u00edcio\",\"item\":\"https:\\\/\\\/www.epav.pt\\\/epav\\\/\"},{\"@type\":\"ListItem\",\"position\":2,\"name\":\"Den\u00fancias &#8211; Em Atualiza\u00e7\u00e3o\"}]},{\"@type\":\"WebSite\",\"@id\":\"https:\\\/\\\/www.epav.pt\\\/epav\\\/#website\",\"url\":\"https:\\\/\\\/www.epav.pt\\\/epav\\\/\",\"name\":\"EPAV\",\"description\":\"Escola Profissional Alda Brand\u00e3o de Vasconcelos\",\"alternateName\":\"Escola Profissional Alda Brand\u00e3o de Vasconcelos\",\"potentialAction\":[{\"@type\":\"SearchAction\",\"target\":{\"@type\":\"EntryPoint\",\"urlTemplate\":\"https:\\\/\\\/www.epav.pt\\\/epav\\\/?s={search_term_string}\"},\"query-input\":{\"@type\":\"PropertyValueSpecification\",\"valueRequired\":true,\"valueName\":\"search_term_string\"}}],\"inLanguage\":\"pt-PT\"}]}<\/script>\n<!-- \/ Yoast SEO plugin. -->","yoast_head_json":{"title":"Den\u00fancias - Em Atualiza\u00e7\u00e3o - EPAV","robots":{"index":"index","follow":"follow","max-snippet":"max-snippet:-1","max-image-preview":"max-image-preview:large","max-video-preview":"max-video-preview:-1"},"canonical":"https:\/\/www.epav.pt\/epav\/denuncias\/","og_locale":"pt_PT","og_type":"article","og_title":"Den\u00fancias - Em Atualiza\u00e7\u00e3o - EPAV","og_description":"O Portal de Den\u00fancias da Cenintel\/EPAV, destina-se \u00e0 comunica\u00e7\u00e3o de pr\u00e1ticas que possam constituir infra\u00e7\u00f5es, designadamente no que concerne: Aceda aqui ao Portal de Den\u00fancias.","og_url":"https:\/\/www.epav.pt\/epav\/denuncias\/","og_site_name":"EPAV","article_modified_time":"2026-04-28T15:19:54+00:00","og_image":[{"width":512,"height":512,"url":"https:\/\/www.epav.pt\/epav\/wp-content\/uploads\/2025\/03\/FAVICON.png","type":"image\/png"}],"twitter_card":"summary_large_image","twitter_misc":{"Tempo estimado de leitura":"1 minuto"},"schema":{"@context":"https:\/\/schema.org","@graph":[{"@type":"WebPage","@id":"https:\/\/www.epav.pt\/epav\/denuncias\/","url":"https:\/\/www.epav.pt\/epav\/denuncias\/","name":"Den\u00fancias - Em Atualiza\u00e7\u00e3o - EPAV","isPartOf":{"@id":"https:\/\/www.epav.pt\/epav\/#website"},"datePublished":"2026-04-28T15:04:58+00:00","dateModified":"2026-04-28T15:19:54+00:00","breadcrumb":{"@id":"https:\/\/www.epav.pt\/epav\/denuncias\/#breadcrumb"},"inLanguage":"pt-PT","potentialAction":[{"@type":"ReadAction","target":["https:\/\/www.epav.pt\/epav\/denuncias\/"]}]},{"@type":"BreadcrumbList","@id":"https:\/\/www.epav.pt\/epav\/denuncias\/#breadcrumb","itemListElement":[{"@type":"ListItem","position":1,"name":"In\u00edcio","item":"https:\/\/www.epav.pt\/epav\/"},{"@type":"ListItem","position":2,"name":"Den\u00fancias &#8211; Em Atualiza\u00e7\u00e3o"}]},{"@type":"WebSite","@id":"https:\/\/www.epav.pt\/epav\/#website","url":"https:\/\/www.epav.pt\/epav\/","name":"EPAV","description":"Escola Profissional Alda Brand\u00e3o de Vasconcelos","alternateName":"Escola Profissional Alda Brand\u00e3o de Vasconcelos","potentialAction":[{"@type":"SearchAction","target":{"@type":"EntryPoint","urlTemplate":"https:\/\/www.epav.pt\/epav\/?s={search_term_string}"},"query-input":{"@type":"PropertyValueSpecification","valueRequired":true,"valueName":"search_term_string"}}],"inLanguage":"pt-PT"}]}},"_links":{"self":[{"href":"https:\/\/www.epav.pt\/epav\/wp-json\/wp\/v2\/pages\/11570","targetHints":{"allow":["GET"]}}],"collection":[{"href":"https:\/\/www.epav.pt\/epav\/wp-json\/wp\/v2\/pages"}],"about":[{"href":"https:\/\/www.epav.pt\/epav\/wp-json\/wp\/v2\/types\/page"}],"author":[{"embeddable":true,"href":"https:\/\/www.epav.pt\/epav\/wp-json\/wp\/v2\/users\/1"}],"replies":[{"embeddable":true,"href":"https:\/\/www.epav.pt\/epav\/wp-json\/wp\/v2\/comments?post=11570"}],"version-history":[{"count":3,"href":"https:\/\/www.epav.pt\/epav\/wp-json\/wp\/v2\/pages\/11570\/revisions"}],"predecessor-version":[{"id":11576,"href":"https:\/\/www.epav.pt\/epav\/wp-json\/wp\/v2\/pages\/11570\/revisions\/11576"}],"wp:attachment":[{"href":"https:\/\/www.epav.pt\/epav\/wp-json\/wp\/v2\/media?parent=11570"}],"curies":[{"name":"wp","href":"https:\/\/api.w.org\/{rel}","templated":true}]}}