{"id":11563,"date":"2026-04-28T14:52:41","date_gmt":"2026-04-28T14:52:41","guid":{"rendered":"https:\/\/www.epav.pt\/epav\/?page_id=11563"},"modified":"2026-04-28T14:52:44","modified_gmt":"2026-04-28T14:52:44","slug":"mecanismos-de-prevencao-da-corrupcao-em-atualizacao","status":"publish","type":"page","link":"https:\/\/www.epav.pt\/epav\/mecanismos-de-prevencao-da-corrupcao-em-atualizacao\/","title":{"rendered":"Mecanismos de Preven\u00e7\u00e3o da Corrup\u00e7\u00e3o &#8211; Em Atualiza\u00e7\u00e3o"},"content":{"rendered":"\n<p>Plano de Preven\u00e7\u00e3o e Gest\u00e3o de Riscos de Corrup\u00e7\u00e3o e Infra\u00e7\u00f5es Conexas &#8211; PDF<\/p>\n\n\n\n<p>C\u00f3digo de \u00c9tica e Conduta &#8211; PDF<\/p>\n\n\n\n<p>Programa de Forma\u00e7\u00e3o Interna para a preven\u00e7\u00e3o da Corrup\u00e7\u00e3o e Infra\u00e7\u00f5es Conexas &#8211; PDF<\/p>\n\n\n\n<p>Manual de Procedimentos do canal de Den\u00fancia &#8211; PDF<\/p>\n","protected":false},"excerpt":{"rendered":"<p>Plano de Preven\u00e7\u00e3o e Gest\u00e3o de Riscos de Corrup\u00e7\u00e3o e Infra\u00e7\u00f5es Conexas &#8211; PDF C\u00f3digo de \u00c9tica e Conduta &#8211; PDF Programa de Forma\u00e7\u00e3o Interna para a preven\u00e7\u00e3o da Corrup\u00e7\u00e3o e Infra\u00e7\u00f5es Conexas &#8211; PDF Manual de Procedimentos do canal de Den\u00fancia &#8211; PDF<\/p>\n","protected":false},"author":1,"featured_media":0,"parent":0,"menu_order":0,"comment_status":"closed","ping_status":"closed","template":"","meta":{"footnotes":""},"class_list":["post-11563","page","type-page","status-publish","hentry"],"acpt":null,"yoast_head":"<!-- This site is optimized with the Yoast SEO plugin v27.3 - https:\/\/yoast.com\/product\/yoast-seo-wordpress\/ -->\n<title>Mecanismos de Preven\u00e7\u00e3o da Corrup\u00e7\u00e3o - Em Atualiza\u00e7\u00e3o - EPAV<\/title>\n<meta name=\"robots\" content=\"index, follow, max-snippet:-1, max-image-preview:large, max-video-preview:-1\" \/>\n<link rel=\"canonical\" href=\"https:\/\/www.epav.pt\/epav\/mecanismos-de-prevencao-da-corrupcao-em-atualizacao\/\" \/>\n<meta property=\"og:locale\" content=\"pt_PT\" \/>\n<meta property=\"og:type\" content=\"article\" \/>\n<meta property=\"og:title\" content=\"Mecanismos de Preven\u00e7\u00e3o da Corrup\u00e7\u00e3o - Em Atualiza\u00e7\u00e3o - EPAV\" \/>\n<meta property=\"og:description\" content=\"Plano de Preven\u00e7\u00e3o e Gest\u00e3o de Riscos de Corrup\u00e7\u00e3o e Infra\u00e7\u00f5es Conexas &#8211; PDF C\u00f3digo de \u00c9tica e Conduta &#8211; PDF Programa de Forma\u00e7\u00e3o Interna para a preven\u00e7\u00e3o da Corrup\u00e7\u00e3o e Infra\u00e7\u00f5es Conexas &#8211; PDF Manual de Procedimentos do canal de Den\u00fancia &#8211; PDF\" \/>\n<meta property=\"og:url\" content=\"https:\/\/www.epav.pt\/epav\/mecanismos-de-prevencao-da-corrupcao-em-atualizacao\/\" \/>\n<meta property=\"og:site_name\" content=\"EPAV\" \/>\n<meta property=\"article:modified_time\" content=\"2026-04-28T14:52:44+00:00\" \/>\n<meta property=\"og:image\" content=\"https:\/\/www.epav.pt\/epav\/wp-content\/uploads\/2025\/03\/FAVICON.png\" \/>\n\t<meta property=\"og:image:width\" content=\"512\" \/>\n\t<meta property=\"og:image:height\" content=\"512\" \/>\n\t<meta property=\"og:image:type\" content=\"image\/png\" \/>\n<meta name=\"twitter:card\" content=\"summary_large_image\" \/>\n<meta name=\"twitter:label1\" content=\"Tempo estimado de leitura\" \/>\n\t<meta name=\"twitter:data1\" content=\"1 minuto\" \/>\n<script type=\"application\/ld+json\" class=\"yoast-schema-graph\">{\"@context\":\"https:\\\/\\\/schema.org\",\"@graph\":[{\"@type\":\"WebPage\",\"@id\":\"https:\\\/\\\/www.epav.pt\\\/epav\\\/mecanismos-de-prevencao-da-corrupcao-em-atualizacao\\\/\",\"url\":\"https:\\\/\\\/www.epav.pt\\\/epav\\\/mecanismos-de-prevencao-da-corrupcao-em-atualizacao\\\/\",\"name\":\"Mecanismos de Preven\u00e7\u00e3o da Corrup\u00e7\u00e3o - Em Atualiza\u00e7\u00e3o - EPAV\",\"isPartOf\":{\"@id\":\"https:\\\/\\\/www.epav.pt\\\/epav\\\/#website\"},\"datePublished\":\"2026-04-28T14:52:41+00:00\",\"dateModified\":\"2026-04-28T14:52:44+00:00\",\"breadcrumb\":{\"@id\":\"https:\\\/\\\/www.epav.pt\\\/epav\\\/mecanismos-de-prevencao-da-corrupcao-em-atualizacao\\\/#breadcrumb\"},\"inLanguage\":\"pt-PT\",\"potentialAction\":[{\"@type\":\"ReadAction\",\"target\":[\"https:\\\/\\\/www.epav.pt\\\/epav\\\/mecanismos-de-prevencao-da-corrupcao-em-atualizacao\\\/\"]}]},{\"@type\":\"BreadcrumbList\",\"@id\":\"https:\\\/\\\/www.epav.pt\\\/epav\\\/mecanismos-de-prevencao-da-corrupcao-em-atualizacao\\\/#breadcrumb\",\"itemListElement\":[{\"@type\":\"ListItem\",\"position\":1,\"name\":\"In\u00edcio\",\"item\":\"https:\\\/\\\/www.epav.pt\\\/epav\\\/\"},{\"@type\":\"ListItem\",\"position\":2,\"name\":\"Mecanismos de Preven\u00e7\u00e3o da Corrup\u00e7\u00e3o &#8211; Em Atualiza\u00e7\u00e3o\"}]},{\"@type\":\"WebSite\",\"@id\":\"https:\\\/\\\/www.epav.pt\\\/epav\\\/#website\",\"url\":\"https:\\\/\\\/www.epav.pt\\\/epav\\\/\",\"name\":\"EPAV\",\"description\":\"Escola Profissional Alda Brand\u00e3o de Vasconcelos\",\"alternateName\":\"Escola Profissional Alda Brand\u00e3o de Vasconcelos\",\"potentialAction\":[{\"@type\":\"SearchAction\",\"target\":{\"@type\":\"EntryPoint\",\"urlTemplate\":\"https:\\\/\\\/www.epav.pt\\\/epav\\\/?s={search_term_string}\"},\"query-input\":{\"@type\":\"PropertyValueSpecification\",\"valueRequired\":true,\"valueName\":\"search_term_string\"}}],\"inLanguage\":\"pt-PT\"}]}<\/script>\n<!-- \/ Yoast SEO plugin. -->","yoast_head_json":{"title":"Mecanismos de Preven\u00e7\u00e3o da Corrup\u00e7\u00e3o - Em Atualiza\u00e7\u00e3o - EPAV","robots":{"index":"index","follow":"follow","max-snippet":"max-snippet:-1","max-image-preview":"max-image-preview:large","max-video-preview":"max-video-preview:-1"},"canonical":"https:\/\/www.epav.pt\/epav\/mecanismos-de-prevencao-da-corrupcao-em-atualizacao\/","og_locale":"pt_PT","og_type":"article","og_title":"Mecanismos de Preven\u00e7\u00e3o da Corrup\u00e7\u00e3o - Em Atualiza\u00e7\u00e3o - EPAV","og_description":"Plano de Preven\u00e7\u00e3o e Gest\u00e3o de Riscos de Corrup\u00e7\u00e3o e Infra\u00e7\u00f5es Conexas &#8211; PDF C\u00f3digo de \u00c9tica e Conduta &#8211; PDF Programa de Forma\u00e7\u00e3o Interna para a preven\u00e7\u00e3o da Corrup\u00e7\u00e3o e Infra\u00e7\u00f5es Conexas &#8211; PDF Manual de Procedimentos do canal de Den\u00fancia &#8211; PDF","og_url":"https:\/\/www.epav.pt\/epav\/mecanismos-de-prevencao-da-corrupcao-em-atualizacao\/","og_site_name":"EPAV","article_modified_time":"2026-04-28T14:52:44+00:00","og_image":[{"width":512,"height":512,"url":"https:\/\/www.epav.pt\/epav\/wp-content\/uploads\/2025\/03\/FAVICON.png","type":"image\/png"}],"twitter_card":"summary_large_image","twitter_misc":{"Tempo estimado de leitura":"1 minuto"},"schema":{"@context":"https:\/\/schema.org","@graph":[{"@type":"WebPage","@id":"https:\/\/www.epav.pt\/epav\/mecanismos-de-prevencao-da-corrupcao-em-atualizacao\/","url":"https:\/\/www.epav.pt\/epav\/mecanismos-de-prevencao-da-corrupcao-em-atualizacao\/","name":"Mecanismos de Preven\u00e7\u00e3o da Corrup\u00e7\u00e3o - Em Atualiza\u00e7\u00e3o - EPAV","isPartOf":{"@id":"https:\/\/www.epav.pt\/epav\/#website"},"datePublished":"2026-04-28T14:52:41+00:00","dateModified":"2026-04-28T14:52:44+00:00","breadcrumb":{"@id":"https:\/\/www.epav.pt\/epav\/mecanismos-de-prevencao-da-corrupcao-em-atualizacao\/#breadcrumb"},"inLanguage":"pt-PT","potentialAction":[{"@type":"ReadAction","target":["https:\/\/www.epav.pt\/epav\/mecanismos-de-prevencao-da-corrupcao-em-atualizacao\/"]}]},{"@type":"BreadcrumbList","@id":"https:\/\/www.epav.pt\/epav\/mecanismos-de-prevencao-da-corrupcao-em-atualizacao\/#breadcrumb","itemListElement":[{"@type":"ListItem","position":1,"name":"In\u00edcio","item":"https:\/\/www.epav.pt\/epav\/"},{"@type":"ListItem","position":2,"name":"Mecanismos de Preven\u00e7\u00e3o da Corrup\u00e7\u00e3o &#8211; Em Atualiza\u00e7\u00e3o"}]},{"@type":"WebSite","@id":"https:\/\/www.epav.pt\/epav\/#website","url":"https:\/\/www.epav.pt\/epav\/","name":"EPAV","description":"Escola Profissional Alda Brand\u00e3o de Vasconcelos","alternateName":"Escola Profissional Alda Brand\u00e3o de Vasconcelos","potentialAction":[{"@type":"SearchAction","target":{"@type":"EntryPoint","urlTemplate":"https:\/\/www.epav.pt\/epav\/?s={search_term_string}"},"query-input":{"@type":"PropertyValueSpecification","valueRequired":true,"valueName":"search_term_string"}}],"inLanguage":"pt-PT"}]}},"_links":{"self":[{"href":"https:\/\/www.epav.pt\/epav\/wp-json\/wp\/v2\/pages\/11563","targetHints":{"allow":["GET"]}}],"collection":[{"href":"https:\/\/www.epav.pt\/epav\/wp-json\/wp\/v2\/pages"}],"about":[{"href":"https:\/\/www.epav.pt\/epav\/wp-json\/wp\/v2\/types\/page"}],"author":[{"embeddable":true,"href":"https:\/\/www.epav.pt\/epav\/wp-json\/wp\/v2\/users\/1"}],"replies":[{"embeddable":true,"href":"https:\/\/www.epav.pt\/epav\/wp-json\/wp\/v2\/comments?post=11563"}],"version-history":[{"count":1,"href":"https:\/\/www.epav.pt\/epav\/wp-json\/wp\/v2\/pages\/11563\/revisions"}],"predecessor-version":[{"id":11564,"href":"https:\/\/www.epav.pt\/epav\/wp-json\/wp\/v2\/pages\/11563\/revisions\/11564"}],"wp:attachment":[{"href":"https:\/\/www.epav.pt\/epav\/wp-json\/wp\/v2\/media?parent=11563"}],"curies":[{"name":"wp","href":"https:\/\/api.w.org\/{rel}","templated":true}]}}