{"id":11560,"date":"2026-04-28T14:48:28","date_gmt":"2026-04-28T14:48:28","guid":{"rendered":"https:\/\/www.epav.pt\/epav\/?page_id=11560"},"modified":"2026-04-28T14:48:30","modified_gmt":"2026-04-28T14:48:30","slug":"prevencao-da-corrupcao-e-infracoes-conexas","status":"publish","type":"page","link":"https:\/\/www.epav.pt\/epav\/prevencao-da-corrupcao-e-infracoes-conexas\/","title":{"rendered":"Preven\u00e7\u00e3o da Corrup\u00e7\u00e3o e Infra\u00e7\u00f5es Conexas"},"content":{"rendered":"\n<p>O Decreto-Lei n.\u00ba 109-E\/2021, de 9 de dezembro, aprovou o Regime Geral da Preven\u00e7\u00e3o da Corrup\u00e7\u00e3o (RGPC) e criou o Mecanismo Nacional Anticorrup\u00e7\u00e3o (MENAC). Este diploma legal, que estabelece a obrigatoriedade de ado\u00e7\u00e3o de um programa de cumprimento normativo determina, no artigo 3.\u00ba, que se entende por corrup\u00e7\u00e3o e infra\u00e7\u00f5es conexas os crimes de corrup\u00e7\u00e3o, recebimento e oferta indevidos de vantagem, peculato, participa\u00e7\u00e3o econ\u00f3mica em neg\u00f3cio, concuss\u00e3o, abuso de poder, prevarica\u00e7\u00e3o, tr\u00e1fico de influ\u00eancia, branqueamento ou fraude na obten\u00e7\u00e3o ou desvio de subs\u00eddio, subven\u00e7\u00e3o ou cr\u00e9dito, previstos no C\u00f3digo Penal, na sua reda\u00e7\u00e3o atual.<\/p>\n\n\n\n<p>Neste \u00e2mbito, e em cumprimento do RGPC, a Cenintel\/EPAV disp\u00f5em de v\u00e1rios mecanismos de preven\u00e7\u00e3o da corrup\u00e7\u00e3o no \u00e2mbito do programa de cumprimento normativo:<\/p>\n\n\n\n<p>Plano de Preven\u00e7\u00e3o de Riscos de Corrup\u00e7\u00e3o e Infra\u00e7\u00f5es Conexas;<br>C\u00f3digo de \u00c9tica e de Conduta;<br>Programa de Forma\u00e7\u00e3o Interna para preven\u00e7\u00e3o da Corru\u00e7\u00e3o e Infra\u00e7\u00f5es Conexas;<br>Canal de Den\u00fancia;<\/p>\n","protected":false},"excerpt":{"rendered":"<p>O Decreto-Lei n.\u00ba 109-E\/2021, de 9 de dezembro, aprovou o Regime Geral da Preven\u00e7\u00e3o da Corrup\u00e7\u00e3o (RGPC) e criou o Mecanismo Nacional Anticorrup\u00e7\u00e3o (MENAC). Este diploma legal, que estabelece a obrigatoriedade de ado\u00e7\u00e3o de um programa de cumprimento normativo determina, no artigo 3.\u00ba, que se entende por corrup\u00e7\u00e3o e infra\u00e7\u00f5es conexas os crimes de corrup\u00e7\u00e3o, [&hellip;]<\/p>\n","protected":false},"author":1,"featured_media":0,"parent":0,"menu_order":0,"comment_status":"closed","ping_status":"closed","template":"","meta":{"footnotes":""},"class_list":["post-11560","page","type-page","status-publish","hentry"],"acpt":null,"yoast_head":"<!-- This site is optimized with the Yoast SEO plugin v27.3 - https:\/\/yoast.com\/product\/yoast-seo-wordpress\/ -->\n<title>Preven\u00e7\u00e3o da Corrup\u00e7\u00e3o e Infra\u00e7\u00f5es Conexas - EPAV<\/title>\n<meta name=\"robots\" content=\"index, follow, max-snippet:-1, max-image-preview:large, max-video-preview:-1\" \/>\n<link rel=\"canonical\" href=\"https:\/\/www.epav.pt\/epav\/prevencao-da-corrupcao-e-infracoes-conexas\/\" \/>\n<meta property=\"og:locale\" content=\"pt_PT\" \/>\n<meta property=\"og:type\" content=\"article\" \/>\n<meta property=\"og:title\" content=\"Preven\u00e7\u00e3o da Corrup\u00e7\u00e3o e Infra\u00e7\u00f5es Conexas - EPAV\" \/>\n<meta property=\"og:description\" content=\"O Decreto-Lei n.\u00ba 109-E\/2021, de 9 de dezembro, aprovou o Regime Geral da Preven\u00e7\u00e3o da Corrup\u00e7\u00e3o (RGPC) e criou o Mecanismo Nacional Anticorrup\u00e7\u00e3o (MENAC). Este diploma legal, que estabelece a obrigatoriedade de ado\u00e7\u00e3o de um programa de cumprimento normativo determina, no artigo 3.\u00ba, que se entende por corrup\u00e7\u00e3o e infra\u00e7\u00f5es conexas os crimes de corrup\u00e7\u00e3o, [&hellip;]\" \/>\n<meta property=\"og:url\" content=\"https:\/\/www.epav.pt\/epav\/prevencao-da-corrupcao-e-infracoes-conexas\/\" \/>\n<meta property=\"og:site_name\" content=\"EPAV\" \/>\n<meta property=\"article:modified_time\" content=\"2026-04-28T14:48:30+00:00\" \/>\n<meta property=\"og:image\" content=\"https:\/\/www.epav.pt\/epav\/wp-content\/uploads\/2025\/03\/FAVICON.png\" \/>\n\t<meta property=\"og:image:width\" content=\"512\" \/>\n\t<meta property=\"og:image:height\" content=\"512\" \/>\n\t<meta property=\"og:image:type\" content=\"image\/png\" \/>\n<meta name=\"twitter:card\" content=\"summary_large_image\" \/>\n<meta name=\"twitter:label1\" content=\"Tempo estimado de leitura\" \/>\n\t<meta name=\"twitter:data1\" content=\"1 minuto\" \/>\n<script type=\"application\/ld+json\" class=\"yoast-schema-graph\">{\"@context\":\"https:\\\/\\\/schema.org\",\"@graph\":[{\"@type\":\"WebPage\",\"@id\":\"https:\\\/\\\/www.epav.pt\\\/epav\\\/prevencao-da-corrupcao-e-infracoes-conexas\\\/\",\"url\":\"https:\\\/\\\/www.epav.pt\\\/epav\\\/prevencao-da-corrupcao-e-infracoes-conexas\\\/\",\"name\":\"Preven\u00e7\u00e3o da Corrup\u00e7\u00e3o e Infra\u00e7\u00f5es Conexas - EPAV\",\"isPartOf\":{\"@id\":\"https:\\\/\\\/www.epav.pt\\\/epav\\\/#website\"},\"datePublished\":\"2026-04-28T14:48:28+00:00\",\"dateModified\":\"2026-04-28T14:48:30+00:00\",\"breadcrumb\":{\"@id\":\"https:\\\/\\\/www.epav.pt\\\/epav\\\/prevencao-da-corrupcao-e-infracoes-conexas\\\/#breadcrumb\"},\"inLanguage\":\"pt-PT\",\"potentialAction\":[{\"@type\":\"ReadAction\",\"target\":[\"https:\\\/\\\/www.epav.pt\\\/epav\\\/prevencao-da-corrupcao-e-infracoes-conexas\\\/\"]}]},{\"@type\":\"BreadcrumbList\",\"@id\":\"https:\\\/\\\/www.epav.pt\\\/epav\\\/prevencao-da-corrupcao-e-infracoes-conexas\\\/#breadcrumb\",\"itemListElement\":[{\"@type\":\"ListItem\",\"position\":1,\"name\":\"In\u00edcio\",\"item\":\"https:\\\/\\\/www.epav.pt\\\/epav\\\/\"},{\"@type\":\"ListItem\",\"position\":2,\"name\":\"Preven\u00e7\u00e3o da Corrup\u00e7\u00e3o e Infra\u00e7\u00f5es Conexas\"}]},{\"@type\":\"WebSite\",\"@id\":\"https:\\\/\\\/www.epav.pt\\\/epav\\\/#website\",\"url\":\"https:\\\/\\\/www.epav.pt\\\/epav\\\/\",\"name\":\"EPAV\",\"description\":\"Escola Profissional Alda Brand\u00e3o de Vasconcelos\",\"alternateName\":\"Escola Profissional Alda Brand\u00e3o de Vasconcelos\",\"potentialAction\":[{\"@type\":\"SearchAction\",\"target\":{\"@type\":\"EntryPoint\",\"urlTemplate\":\"https:\\\/\\\/www.epav.pt\\\/epav\\\/?s={search_term_string}\"},\"query-input\":{\"@type\":\"PropertyValueSpecification\",\"valueRequired\":true,\"valueName\":\"search_term_string\"}}],\"inLanguage\":\"pt-PT\"}]}<\/script>\n<!-- \/ Yoast SEO plugin. -->","yoast_head_json":{"title":"Preven\u00e7\u00e3o da Corrup\u00e7\u00e3o e Infra\u00e7\u00f5es Conexas - EPAV","robots":{"index":"index","follow":"follow","max-snippet":"max-snippet:-1","max-image-preview":"max-image-preview:large","max-video-preview":"max-video-preview:-1"},"canonical":"https:\/\/www.epav.pt\/epav\/prevencao-da-corrupcao-e-infracoes-conexas\/","og_locale":"pt_PT","og_type":"article","og_title":"Preven\u00e7\u00e3o da Corrup\u00e7\u00e3o e Infra\u00e7\u00f5es Conexas - EPAV","og_description":"O Decreto-Lei n.\u00ba 109-E\/2021, de 9 de dezembro, aprovou o Regime Geral da Preven\u00e7\u00e3o da Corrup\u00e7\u00e3o (RGPC) e criou o Mecanismo Nacional Anticorrup\u00e7\u00e3o (MENAC). Este diploma legal, que estabelece a obrigatoriedade de ado\u00e7\u00e3o de um programa de cumprimento normativo determina, no artigo 3.\u00ba, que se entende por corrup\u00e7\u00e3o e infra\u00e7\u00f5es conexas os crimes de corrup\u00e7\u00e3o, [&hellip;]","og_url":"https:\/\/www.epav.pt\/epav\/prevencao-da-corrupcao-e-infracoes-conexas\/","og_site_name":"EPAV","article_modified_time":"2026-04-28T14:48:30+00:00","og_image":[{"width":512,"height":512,"url":"https:\/\/www.epav.pt\/epav\/wp-content\/uploads\/2025\/03\/FAVICON.png","type":"image\/png"}],"twitter_card":"summary_large_image","twitter_misc":{"Tempo estimado de leitura":"1 minuto"},"schema":{"@context":"https:\/\/schema.org","@graph":[{"@type":"WebPage","@id":"https:\/\/www.epav.pt\/epav\/prevencao-da-corrupcao-e-infracoes-conexas\/","url":"https:\/\/www.epav.pt\/epav\/prevencao-da-corrupcao-e-infracoes-conexas\/","name":"Preven\u00e7\u00e3o da Corrup\u00e7\u00e3o e Infra\u00e7\u00f5es Conexas - EPAV","isPartOf":{"@id":"https:\/\/www.epav.pt\/epav\/#website"},"datePublished":"2026-04-28T14:48:28+00:00","dateModified":"2026-04-28T14:48:30+00:00","breadcrumb":{"@id":"https:\/\/www.epav.pt\/epav\/prevencao-da-corrupcao-e-infracoes-conexas\/#breadcrumb"},"inLanguage":"pt-PT","potentialAction":[{"@type":"ReadAction","target":["https:\/\/www.epav.pt\/epav\/prevencao-da-corrupcao-e-infracoes-conexas\/"]}]},{"@type":"BreadcrumbList","@id":"https:\/\/www.epav.pt\/epav\/prevencao-da-corrupcao-e-infracoes-conexas\/#breadcrumb","itemListElement":[{"@type":"ListItem","position":1,"name":"In\u00edcio","item":"https:\/\/www.epav.pt\/epav\/"},{"@type":"ListItem","position":2,"name":"Preven\u00e7\u00e3o da Corrup\u00e7\u00e3o e Infra\u00e7\u00f5es Conexas"}]},{"@type":"WebSite","@id":"https:\/\/www.epav.pt\/epav\/#website","url":"https:\/\/www.epav.pt\/epav\/","name":"EPAV","description":"Escola Profissional Alda Brand\u00e3o de Vasconcelos","alternateName":"Escola Profissional Alda Brand\u00e3o de Vasconcelos","potentialAction":[{"@type":"SearchAction","target":{"@type":"EntryPoint","urlTemplate":"https:\/\/www.epav.pt\/epav\/?s={search_term_string}"},"query-input":{"@type":"PropertyValueSpecification","valueRequired":true,"valueName":"search_term_string"}}],"inLanguage":"pt-PT"}]}},"_links":{"self":[{"href":"https:\/\/www.epav.pt\/epav\/wp-json\/wp\/v2\/pages\/11560","targetHints":{"allow":["GET"]}}],"collection":[{"href":"https:\/\/www.epav.pt\/epav\/wp-json\/wp\/v2\/pages"}],"about":[{"href":"https:\/\/www.epav.pt\/epav\/wp-json\/wp\/v2\/types\/page"}],"author":[{"embeddable":true,"href":"https:\/\/www.epav.pt\/epav\/wp-json\/wp\/v2\/users\/1"}],"replies":[{"embeddable":true,"href":"https:\/\/www.epav.pt\/epav\/wp-json\/wp\/v2\/comments?post=11560"}],"version-history":[{"count":1,"href":"https:\/\/www.epav.pt\/epav\/wp-json\/wp\/v2\/pages\/11560\/revisions"}],"predecessor-version":[{"id":11561,"href":"https:\/\/www.epav.pt\/epav\/wp-json\/wp\/v2\/pages\/11560\/revisions\/11561"}],"wp:attachment":[{"href":"https:\/\/www.epav.pt\/epav\/wp-json\/wp\/v2\/media?parent=11560"}],"curies":[{"name":"wp","href":"https:\/\/api.w.org\/{rel}","templated":true}]}}